{"id":1483,"date":"2026-02-05T14:19:57","date_gmt":"2026-02-05T13:19:57","guid":{"rendered":"https:\/\/www.minka-coating.at\/gtc\/"},"modified":"2026-02-06T14:09:40","modified_gmt":"2026-02-06T13:09:40","slug":"gtc","status":"publish","type":"page","link":"https:\/\/www.minka-coating.at\/en\/gtc\/","title":{"rendered":"GTC"},"content":{"rendered":"\n<div class=\"wp-block-uagb-container uagb-block-4eaccce1 alignfull uagb-is-root-container\"><div class=\"uagb-container-inner-blocks-wrap\">\n<h1 class=\"wp-block-heading\">GTC<\/h1>\n\n\n\n<h2 class=\"wp-block-heading has-large-font-size\">General Terms and Conditions of Minka Holz- und Metallverarbeitungs GmbH<\/h2>\n\n\n\n<h3 class=\"wp-block-heading\"><strong>1. scope of application<\/strong><\/h3>\n\n\n\n<p class=\"has-ast-global-color-2-color has-text-color has-link-color wp-elements-432ad283db80895a3b9cc1319414b7d3\"><br\/>1.1. Die nachstehenden Allgemeinen Gesch\u00e4ftsbedingungen der Minka Holz- und Metallverarbeitungs GmbH, Flurgasse 6, AT-8642 St. Lorenzen im M\u00fcrztal gelten ausschlie\u00dflich; entgegenstehende oder von diesen Bedingungen abweichende Bedingungen des Kunden erkennt Minka Holz- und Metallverarbeitungs GmbH nicht an. Minka Holz- und Metallverarbeitungs GmbH ist verantwortliche Betreiberin und Anbieterin des Onlineshops unter der Webadresse <mark style=\"background-color:rgba(0, 0, 0, 0)\" class=\"has-inline-color has-ast-global-color-3-color\"><a href=\"http:\/\/www.minka.at\/\">www.minka.at<\/a>.<\/mark> <\/p>\n\n\n\n<p><br\/>1.2. &#8220;Entrepreneur&#8221; within the meaning of these GTC is a natural or legal person or a partnership with legal capacity who, when concluding the legal transaction with Minka Holz- und Metallverarbeitungs GmbH, acts in the exercise of a commercial or independent professional activity (\u00a714 BGB).<\/p>\n\n\n\n<p><br\/>1.3. &#8220;Consumer&#8221; within the meaning of these GTC is the customer who concludes a legal transaction with Minka Holz- und Metallverarbeitungs GmbH for a purpose that cannot be attributed to either his commercial or his independent professional activity (\u00a7 13 BGB).<\/p>\n\n\n\n<p><br\/>1.4. &#8220;Distance contracts&#8221; are contracts for the supply of goods or the provision of services concluded between Minka Holz- und Metallverarbeitungs GmbH and a consumer using exclusively means of distance communication.<\/p>\n\n\n\n<h3 class=\"wp-block-heading\"><strong>2. offer and conclusion of contract<\/strong><\/h3>\n\n\n\n<p>2.1. The presentation of products in the online store www.minka.at does not constitute a legally binding offer, but an invitation to order. All products offered are valid &#8220;while stocks last&#8221;, unless otherwise stated on the product pages. All dimensions and weights stated are approximate. The items shown may differ in color and size from the item selected by the customer.   <\/p>\n\n\n\n<p><br\/>2.2. By clicking the [Buy] button in the order process, the customer submits a binding offer to purchase the items listed in his shopping cart. Immediately after placing his order, the customer receives an automatically generated &#8220;order confirmation&#8221; from Minka Holz- und Metallverarbeitungs GmbH by e-mail, which informs the customer that his order has been received by Minka Holz- und Metallverarbeitungs GmbH. This order confirmation does not constitute a legally binding acceptance by Minka Holz- und Metallverarbeitungs GmbH. Minka Holz- und Metallverarbeitungs GmbH may accept the customer&#8217;s order by sending an order confirmation by e-mail or by delivering the goods within two days.     <\/p>\n\n\n\n<h3 class=\"wp-block-heading\"><strong>3. terms of payment<\/strong><\/h3>\n\n\n\n<p>3.1 The prices listed at the time of the order shall apply. Unless clearly indicated as &#8220;excl. VAT&#8221;, all prices are inclusive of statutory VAT.  <br\/><br\/>3.2 Payment for the goods shall be made at the customer&#8217;s discretion using one of the payment methods displayed during the order process. If payment is made in advance by bank transfer, the purchase price is due upon conclusion of the contract, i.e. upon receipt of the order confirmation. If payment is made by credit card via PayPal, the customer&#8217;s credit card account will be debited with the order value immediately after completion of the order process.  <\/p>\n\n\n\n<p><br\/>3.3 Minka Holz- und Metallverarbeitungs GmbH reserves the right, in individual cases or if payment is refused by credit institutions or providers of the respective payment method, to execute the customer&#8217;s order only against payment in advance. In this case, the customer can accept this or, if he has already sent his order, withdraw from his order. <br\/> <\/p>\n\n\n\n<p>3.4 Minka Holz- und Metallverarbeitungs GmbH shall only send an invoice electronically by e-mail. The customer expressly agrees to the transmission of an electronic invoice. However, the customer is entitled to request the transmission of an invoice by post at any time.  <\/p>\n\n\n\n<h3 class=\"wp-block-heading\"><strong>4. delivery \/ delivery time \/ retention of title<\/strong><\/h3>\n\n\n\n<p>4.1 The delivery times depend on the product and are indicated with the corresponding products. Collection of the goods is only possible after separate consultation and agreement. <\/p>\n\n\n\n<p><br\/>4.2 If an ordered product cannot be delivered on time because Minka Holz- und Metallverarbeitungs GmbH is not supplied with this product by its supplier on time, the customer shall be informed immediately. In such a case, the customer is free to wait for the ordered product or to cancel his order. In the event of cancellation, any payments already made will be refunded immediately.  <\/p>\n\n\n\n<h3 class=\"wp-block-heading\"><strong>5. prices and shipping costs<\/strong><\/h3>\n\n\n\n<p>5.1 The prices stated on the product pages include statutory VAT.<\/p>\n\n\n\n<p>5.2 In addition to the prices quoted, a flat-rate shipping fee of \u20ac 29.90 will be charged.<\/p>\n\n\n\n<p>5.3 The shipping costs incurred for the customer&#8217;s order are displayed in the shopping cart. If the customer wishes delivery to other European countries, this is only possible by prior and separate agreement. <\/p>\n\n\n\n<h3 class=\"wp-block-heading\"><strong>6. contract language, codes of conduct<\/strong><\/h3>\n\n\n\n<p>6.1 The contract language is German. Only the German language is available for the conclusion of the contract. <br\/><br\/>6.2 Minka Holz- und Metallverarbeitungs GmbH is not subject to any special codes of conduct.<\/p>\n\n\n\n<h3 class=\"wp-block-heading\"><strong>7. provider identification<\/strong><\/h3>\n\n\n\n<p>Minka Holz- und Metallverarbeitungs GmbH, Flurgasse 6, 8642 Sankt Lorenzen im M\u00fcrztal, Austria<br\/>Managing Director with sole power of representation: Ernst Janner<br\/>Tel. <a href=\"tel:+43386422380\">+43 3864 2238-0<\/a><\/p>\n\n\n\n<p>Fax. +43 3864 2238-11<\/p>\n\n\n\n<p>E-Mail: <a href=\"mailto:office@minka.at\"><mark style=\"background-color:rgba(0, 0, 0, 0)\" class=\"has-inline-color has-ast-global-color-2-color\">office@minka.at<\/mark><\/a><\/p>\n\n\n\n<p>Production and trade of stairs, powder coatings<\/p>\n\n\n\n<p>Company register no.: FN369563a<\/p>\n\n\n\n<p>Commercial Register Court: Regional Court Leoben<\/p>\n\n\n\n<p>Local court Bruck an der Mur<br\/>VAT identification number: ATU6670003<\/p>\n\n\n\n<p>Alternative dispute resolution in accordance with Art. 14 para. 1 ODR-VO and \u00a7 36 VSBG: <\/p>\n\n\n\n<p class=\"has-ast-global-color-2-color has-text-color has-link-color wp-elements-6301429e65d9c9a7f23c1231306c5dde\">The European Commission provides a platform for online dispute resolution (OS), which you can find at <a href=\"https:\/\/ec.europa.eu\/consumers\/odr\/\">https:\/\/ec.europa.eu\/consumers\/odr\/<\/a>. We are prepared to participate in an out-of-court arbitration procedure.<\/p>\n<\/div><\/div>\n","protected":false},"excerpt":{"rendered":"<p>GTC General Terms and Conditions of Minka Holz- und Metallverarbeitungs GmbH 1. scope of application 1.1. Die nachstehenden Allgemeinen Gesch\u00e4ftsbedingungen [&hellip;]<\/p>\n","protected":false},"author":1,"featured_media":0,"parent":0,"menu_order":0,"comment_status":"closed","ping_status":"closed","template":"","meta":{"_uag_custom_page_level_css":"","site-sidebar-layout":"default","site-content-layout":"","ast-site-content-layout":"default","site-content-style":"default","site-sidebar-style":"default","ast-global-header-display":"","ast-banner-title-visibility":"","ast-main-header-display":"","ast-hfb-above-header-display":"","ast-hfb-below-header-display":"","ast-hfb-mobile-header-display":"","site-post-title":"disabled","ast-breadcrumbs-content":"","ast-featured-img":"","footer-sml-layout":"","ast-disable-related-posts":"","theme-transparent-header-meta":"","adv-header-id-meta":"","stick-header-meta":"","header-above-stick-meta":"","header-main-stick-meta":"","header-below-stick-meta":"","astra-migrate-meta-layouts":"default","ast-page-background-enabled":"default","ast-page-background-meta":{"desktop":{"background-color":"var(--ast-global-color-5)","background-image":"","background-repeat":"repeat","background-position":"center center","background-size":"auto","background-attachment":"scroll","background-type":"","background-media":"","overlay-type":"","overlay-color":"","overlay-opacity":"","overlay-gradient":""},"tablet":{"background-color":"","background-image":"","background-repeat":"repeat","background-position":"center center","background-size":"auto","background-attachment":"scroll","background-type":"","background-media":"","overlay-type":"","overlay-color":"","overlay-opacity":"","overlay-gradient":""},"mobile":{"background-color":"","background-image":"","background-repeat":"repeat","background-position":"center center","background-size":"auto","background-attachment":"scroll","background-type":"","background-media":"","overlay-type":"","overlay-color":"","overlay-opacity":"","overlay-gradient":""}},"ast-content-background-meta":{"desktop":{"background-color":"var(--ast-global-color-4)","background-image":"","background-repeat":"repeat","background-position":"center center","background-size":"auto","background-attachment":"scroll","background-type":"","background-media":"","overlay-type":"","overlay-color":"","overlay-opacity":"","overlay-gradient":""},"tablet":{"background-color":"var(--ast-global-color-4)","background-image":"","background-repeat":"repeat","background-position":"center center","background-size":"auto","background-attachment":"scroll","background-type":"","background-media":"","overlay-type":"","overlay-color":"","overlay-opacity":"","overlay-gradient":""},"mobile":{"background-color":"var(--ast-global-color-4)","background-image":"","background-repeat":"repeat","background-position":"center center","background-size":"auto","background-attachment":"scroll","background-type":"","background-media":"","overlay-type":"","overlay-color":"","overlay-opacity":"","overlay-gradient":""}},"footnotes":""},"class_list":["post-1483","page","type-page","status-publish","hentry"],"yoast_head":"<!-- This site is optimized with the Yoast SEO plugin v27.2 - https:\/\/yoast.com\/product\/yoast-seo-wordpress\/ -->\n<title>GTC - Minka Coating<\/title>\n<meta name=\"robots\" content=\"index, follow, max-snippet:-1, max-image-preview:large, max-video-preview:-1\" \/>\n<link rel=\"canonical\" href=\"https:\/\/www.minka-coating.at\/en\/gtc\/\" \/>\n<meta property=\"og:locale\" content=\"en_US\" \/>\n<meta property=\"og:type\" content=\"article\" \/>\n<meta property=\"og:title\" content=\"GTC - Minka Coating\" \/>\n<meta property=\"og:description\" content=\"GTC General Terms and Conditions of Minka Holz- und Metallverarbeitungs GmbH 1. scope of application 1.1. Die nachstehenden Allgemeinen Gesch\u00e4ftsbedingungen [&hellip;]\" \/>\n<meta property=\"og:url\" content=\"https:\/\/www.minka-coating.at\/en\/gtc\/\" \/>\n<meta property=\"og:site_name\" content=\"Minka Coating\" \/>\n<meta property=\"article:modified_time\" content=\"2026-02-06T13:09:40+00:00\" \/>\n<meta name=\"twitter:card\" content=\"summary_large_image\" \/>\n<meta name=\"twitter:label1\" content=\"Est. reading time\" \/>\n\t<meta name=\"twitter:data1\" content=\"4 minutes\" \/>\n<script type=\"application\/ld+json\" class=\"yoast-schema-graph\">{\"@context\":\"https:\/\/schema.org\",\"@graph\":[{\"@type\":\"WebPage\",\"@id\":\"https:\/\/www.minka-coating.at\/en\/gtc\/\",\"url\":\"https:\/\/www.minka-coating.at\/en\/gtc\/\",\"name\":\"GTC - Minka Coating\",\"isPartOf\":{\"@id\":\"https:\/\/www.minka-coating.at\/en\/#website\"},\"datePublished\":\"2026-02-05T13:19:57+00:00\",\"dateModified\":\"2026-02-06T13:09:40+00:00\",\"breadcrumb\":{\"@id\":\"https:\/\/www.minka-coating.at\/en\/gtc\/#breadcrumb\"},\"inLanguage\":\"en-US\",\"potentialAction\":[{\"@type\":\"ReadAction\",\"target\":[\"https:\/\/www.minka-coating.at\/en\/gtc\/\"]}]},{\"@type\":\"BreadcrumbList\",\"@id\":\"https:\/\/www.minka-coating.at\/en\/gtc\/#breadcrumb\",\"itemListElement\":[{\"@type\":\"ListItem\",\"position\":1,\"name\":\"Start\",\"item\":\"https:\/\/www.minka-coating.at\/en\/\"},{\"@type\":\"ListItem\",\"position\":2,\"name\":\"GTC\"}]},{\"@type\":\"WebSite\",\"@id\":\"https:\/\/www.minka-coating.at\/en\/#website\",\"url\":\"https:\/\/www.minka-coating.at\/en\/\",\"name\":\"Minka Coating\",\"description\":\"Color your Vision\",\"publisher\":{\"@id\":\"https:\/\/www.minka-coating.at\/en\/#organization\"},\"potentialAction\":[{\"@type\":\"SearchAction\",\"target\":{\"@type\":\"EntryPoint\",\"urlTemplate\":\"https:\/\/www.minka-coating.at\/en\/?s={search_term_string}\"},\"query-input\":{\"@type\":\"PropertyValueSpecification\",\"valueRequired\":true,\"valueName\":\"search_term_string\"}}],\"inLanguage\":\"en-US\"},{\"@type\":\"Organization\",\"@id\":\"https:\/\/www.minka-coating.at\/en\/#organization\",\"name\":\"Minka Coating\",\"url\":\"https:\/\/www.minka-coating.at\/en\/\",\"logo\":{\"@type\":\"ImageObject\",\"inLanguage\":\"en-US\",\"@id\":\"https:\/\/www.minka-coating.at\/en\/#\/schema\/logo\/image\/\",\"url\":\"https:\/\/www.minka-coating.at\/wp-content\/uploads\/2025\/12\/Logo_Minka_Coating.svg\",\"contentUrl\":\"https:\/\/www.minka-coating.at\/wp-content\/uploads\/2025\/12\/Logo_Minka_Coating.svg\",\"caption\":\"Minka Coating\"},\"image\":{\"@id\":\"https:\/\/www.minka-coating.at\/en\/#\/schema\/logo\/image\/\"}}]}<\/script>\n<!-- \/ Yoast SEO plugin. -->","yoast_head_json":{"title":"GTC - Minka Coating","robots":{"index":"index","follow":"follow","max-snippet":"max-snippet:-1","max-image-preview":"max-image-preview:large","max-video-preview":"max-video-preview:-1"},"canonical":"https:\/\/www.minka-coating.at\/en\/gtc\/","og_locale":"en_US","og_type":"article","og_title":"GTC - Minka Coating","og_description":"GTC General Terms and Conditions of Minka Holz- und Metallverarbeitungs GmbH 1. scope of application 1.1. Die nachstehenden Allgemeinen Gesch\u00e4ftsbedingungen [&hellip;]","og_url":"https:\/\/www.minka-coating.at\/en\/gtc\/","og_site_name":"Minka Coating","article_modified_time":"2026-02-06T13:09:40+00:00","twitter_card":"summary_large_image","twitter_misc":{"Est. reading time":"4 minutes"},"schema":{"@context":"https:\/\/schema.org","@graph":[{"@type":"WebPage","@id":"https:\/\/www.minka-coating.at\/en\/gtc\/","url":"https:\/\/www.minka-coating.at\/en\/gtc\/","name":"GTC - Minka Coating","isPartOf":{"@id":"https:\/\/www.minka-coating.at\/en\/#website"},"datePublished":"2026-02-05T13:19:57+00:00","dateModified":"2026-02-06T13:09:40+00:00","breadcrumb":{"@id":"https:\/\/www.minka-coating.at\/en\/gtc\/#breadcrumb"},"inLanguage":"en-US","potentialAction":[{"@type":"ReadAction","target":["https:\/\/www.minka-coating.at\/en\/gtc\/"]}]},{"@type":"BreadcrumbList","@id":"https:\/\/www.minka-coating.at\/en\/gtc\/#breadcrumb","itemListElement":[{"@type":"ListItem","position":1,"name":"Start","item":"https:\/\/www.minka-coating.at\/en\/"},{"@type":"ListItem","position":2,"name":"GTC"}]},{"@type":"WebSite","@id":"https:\/\/www.minka-coating.at\/en\/#website","url":"https:\/\/www.minka-coating.at\/en\/","name":"Minka Coating","description":"Color your Vision","publisher":{"@id":"https:\/\/www.minka-coating.at\/en\/#organization"},"potentialAction":[{"@type":"SearchAction","target":{"@type":"EntryPoint","urlTemplate":"https:\/\/www.minka-coating.at\/en\/?s={search_term_string}"},"query-input":{"@type":"PropertyValueSpecification","valueRequired":true,"valueName":"search_term_string"}}],"inLanguage":"en-US"},{"@type":"Organization","@id":"https:\/\/www.minka-coating.at\/en\/#organization","name":"Minka Coating","url":"https:\/\/www.minka-coating.at\/en\/","logo":{"@type":"ImageObject","inLanguage":"en-US","@id":"https:\/\/www.minka-coating.at\/en\/#\/schema\/logo\/image\/","url":"https:\/\/www.minka-coating.at\/wp-content\/uploads\/2025\/12\/Logo_Minka_Coating.svg","contentUrl":"https:\/\/www.minka-coating.at\/wp-content\/uploads\/2025\/12\/Logo_Minka_Coating.svg","caption":"Minka Coating"},"image":{"@id":"https:\/\/www.minka-coating.at\/en\/#\/schema\/logo\/image\/"}}]}},"uagb_featured_image_src":{"full":false,"thumbnail":false,"medium":false,"medium_large":false,"large":false,"1536x1536":false,"2048x2048":false},"uagb_author_info":{"display_name":"meaitservices","author_link":"https:\/\/www.minka-coating.at\/en\/author\/meaitservices\/"},"uagb_comment_info":0,"uagb_excerpt":"GTC General Terms and Conditions of Minka Holz- und Metallverarbeitungs GmbH 1. scope of application 1.1. Die nachstehenden Allgemeinen Gesch\u00e4ftsbedingungen [&hellip;]","_links":{"self":[{"href":"https:\/\/www.minka-coating.at\/en\/wp-json\/wp\/v2\/pages\/1483","targetHints":{"allow":["GET"]}}],"collection":[{"href":"https:\/\/www.minka-coating.at\/en\/wp-json\/wp\/v2\/pages"}],"about":[{"href":"https:\/\/www.minka-coating.at\/en\/wp-json\/wp\/v2\/types\/page"}],"author":[{"embeddable":true,"href":"https:\/\/www.minka-coating.at\/en\/wp-json\/wp\/v2\/users\/1"}],"replies":[{"embeddable":true,"href":"https:\/\/www.minka-coating.at\/en\/wp-json\/wp\/v2\/comments?post=1483"}],"version-history":[{"count":2,"href":"https:\/\/www.minka-coating.at\/en\/wp-json\/wp\/v2\/pages\/1483\/revisions"}],"predecessor-version":[{"id":1672,"href":"https:\/\/www.minka-coating.at\/en\/wp-json\/wp\/v2\/pages\/1483\/revisions\/1672"}],"wp:attachment":[{"href":"https:\/\/www.minka-coating.at\/en\/wp-json\/wp\/v2\/media?parent=1483"}],"curies":[{"name":"wp","href":"https:\/\/api.w.org\/{rel}","templated":true}]}}